{"id":27113,"date":"2025-05-31T15:54:22","date_gmt":"2025-05-31T13:54:22","guid":{"rendered":"https:\/\/www.valdiscalve.it\/parcheggiare-a-schilpario-in-estate\/"},"modified":"2026-01-26T14:23:44","modified_gmt":"2026-01-26T13:23:44","slug":"parcheggiare-a-schilpario-in-estate","status":"publish","type":"page","link":"https:\/\/www.valdiscalve.it\/en\/parcheggiare-a-schilpario-in-estate\/","title":{"rendered":"Parcheggiare a Schilpario in estate"},"content":{"rendered":"<p style=\"text-align: center;\"><span style=\"color: #0000ff;\"><a style=\"color: #0000ff;\" href=\"https:\/\/www.valdiscalve.it\/wp-content\/uploads\/2025\/05\/DOCA293338.docx\">Consulta qui la delibera 48 del 23\/05\/2025 disposta dal Comune di Schilpario\u00a0<\/a><\/span><\/p>\n<p><strong>Dal 1 Giugno al 30 Settembre 2025<\/strong>, a Schilpario, i\u00a0 parcheggi nelle zone di<strong> Ronco, localit\u00e0 V\u00f2, Paghere (compreso piazzale di soste del Soccorso Alpino), e localit\u00e0 Laghetti,<\/strong> saranno soggetti a pagamento, <strong>dalle ore 8.00 alle ore 20.00.\u00a0<\/strong><br \/>\nIl costo della sosta \u00e8 di <strong>5 euro<\/strong>, valido per la sosta giornaliera di autovetture e motocicli.\u00a0<br \/>\nSar\u00e0 possibile pagare il parcheggio acquistando il Gratta&amp;Sosta disponibile presso l&#8217;ufficio turistico Atiesse e le attivit\u00e0 commerciali convenzionate, oppure tramite l&#8217;app EasyPark.<\/p>\n<p><strong>MAPPA COMPLETA DEI PARCHEGGI A PAGAMENTO A SCHILPARIO PER L&#8217;ESTATE 2025\u00a0<\/strong><\/p>\n<p>&nbsp;<\/p>\n<p><iframe src=\"https:\/\/www.google.com\/maps\/d\/embed?mid=15MNwm2ToNQcuGNR0cfiDlLegvCGdz0k&amp;ehbc=2E312F\" width=\"640\" height=\"480\"><\/iframe><\/p>\n<p>&nbsp;<\/p>\n<p><strong>Nota per la localit\u00e0 V\u00f2<\/strong><br \/>\nSi specifica, che per la localit\u00e0 V\u00f2, il parcheggio adiacente all&#8217;Ex Chalet del V\u00f2, non sar\u00e0 accessibile e disponibile per il parcheggio, n\u00e8 tantomeno la zona a seguire, dal piazzale dello Chalet in avanti, essendo zona VASP, il cui accesso \u00e8 consentito solamente ai mezzi autorizzati. Le zone adibite al parcheggio sono segnalate dai cartelli disposti sulla zona, e il parcheggio nelle zone in cui la segnaletica lo vieta verranno sanzionati.\u00a0 \u00a0Si consiglia a coloro che intendono pagare tramite l&#8217;App EasyPark, di acquistare il biglietto nei pressi dell&#8217;ingresso di via V\u00f2, in quanto la connessione alla rete risulta pi\u00f9 stabile.<\/p>\n<p><strong>LE ATTIVITA&#8217; COMMERCIALI IN CUI E&#8217; POSSIBILE ACQUISTARE IL GRATTA E SOSTA SONO:\u00a0<\/strong><\/p>\n<ul>\n<li>Atiesse<\/li>\n<li>Chalet Paradais<\/li>\n<li>Bar Funtan\u00ec<\/li>\n<li>New Fantasy Bar (fraz. Barzesto)<\/li>\n<li>Pasticceria Dolci di Da.Ma.\u00a0<\/li>\n<li>Pasticceria Bertoli<\/li>\n<li>Petali e Pensieri<\/li>\n<li>Al Mulino<\/li>\n<li>Pizio Sport<\/li>\n<li>Alimentari Maj<\/li>\n<li>Alimentari Spada<\/li>\n<li>Centro Frutta Schilpario<\/li>\n<li>Macelleria Pizio<\/li>\n<li>Panificio Rusconi<\/li>\n<li>Calzature Ghibesi<\/li>\n<li>Alpen Chalet<\/li>\n<li>Albergo Pineta<\/li>\n<li>Pizzo Camino<\/li>\n<li>Farmacia Pizio<\/li>\n<li>Ul butigh\u00ec di Nonna Lina (Barzesto)\u00a0<\/li>\n<li>Sapori Scalvini\u00a0<\/li>\n<li>La Sosta Gustosa\u00a0<\/li>\n<li>Canyon Bar\u00a0<\/li>\n<\/ul>\n<p>&nbsp;<\/p>\n<hr \/>\n<h4>\u00a0<\/h4>\n<h4><strong>ECCEZIONI ED ESENZIONI RISPETTO AL PARCHEGGIO A PAGAMENTO\u00a0<\/strong><\/h4>\n<p><span style=\"text-decoration: underline;\"><strong>Per i residenti:\u00a0<br \/>\n<\/strong><\/span>I residenti del comune di Schilpario sono esentati dal pagamento del parcheggio nelle zone indicate. Il pass rilasciato per il <span style=\"color: #0000ff;\"><a style=\"color: #0000ff;\" href=\"https:\/\/www.valdiscalve.it\/eventi\/parcheggio-in-localita-fondi-a-schilpario\/#:~:text=Dal%201%C2%B0%20gennaio%20al,Atiesse\">parcheggio in localit\u00e0 Fondi<\/a><\/span>, attivo nel periodo invernale \u00e8 da considerarsi valido anche per le zone a pagamento attive nel periodo estivo.\u00a0<\/p>\n<p><span style=\"text-decoration: underline;\"><strong>Per le seconde case:<br \/>\n<\/strong><\/span>I non residenti a Schilpario, ma proprietari di un immobile, avranno diritto al pass gratuito (per un solo mezzo di propriet\u00e0) che potranno richiedere presso l&#8217;ufficio turistico Atiesse, dimostrando un documento che certifichi la propriet\u00e0 della seconda casa, come il pagamento della TARI. Il pass rilasciato per le seconde case ha valore stagionale e un costo istruttorio di 10 euro, da versare presso l&#8217;ufficio turistico Atiesse.\u00a0<\/p>\n<p><span style=\"text-decoration: underline;\"><strong>Altre esenzioni:\u00a0<\/strong><\/span><br \/>\nSono infine esenti dal pagamento del parcheggio, i veicoli destinati a diversamente abili provvisti dello speciale contrassegno rilasciato ai sensi del codice della strada, le forze dell&#8217;ordine in servizio, i mezzi di soccorso in servizio e gli automezzi comunali e di enti pubblici in servizio.<br \/>\nGli esenti indicati in questa sezione non dovranno richiedere il pass presso l&#8217;ufficio turistico.\u00a0<\/p>\n<p><em>Per ulteriori informazioni o chiarimenti si consiglia di contattare direttamente: <br \/>\nUfficio turistico Atiesse: <\/em><span style=\"color: #0000ff;\"><a style=\"color: #0000ff;\" title=\"Chiama il +39 0346.55059\" href=\"tel:+390346.55059\" rel=\"noopener\" data-cmp-ab=\"2\">0346 55059, \u00a0<\/a><a style=\"color: #0000ff;\" title=\"Chiama il +39 331.2421989\" href=\"tel:+39331.2421989\" rel=\"noopener\" data-cmp-ab=\"2\">331 2421989<\/a><\/span><br \/>\n<em>Infopoint ARS di Vilminore di Scalve: <\/em><span style=\"color: #0000ff;\"><a style=\"color: #0000ff;\" href=\"https:\/\/www.google.com\/search?q=infopoint+ars+&amp;sca_esv=9f10f554e8b4ad7d&amp;rlz=1C1ONGR_itIT929IT929&amp;ei=mgQ7aLPwO8qli-gPt_Sy8QM&amp;ved=0ahUKEwizpZfY6M2NAxXK0gIHHTe6LD4Q4dUDCBA&amp;uact=5&amp;oq=infopoint+ars+&amp;gs_lp=Egxnd3Mtd2l6LXNlcnAiDmluZm9wb2ludCBhcnMgMgUQIRigATIFECEYoAEyBRAhGJ8FSPU3ULISWKUjcAJ4AZABAJgBjwGgAdIMqgEEMy4xMbgBA8gBAPgBAZgCEKACzg7CAgoQABiwAxjWBBhHwgIWEC4YgAQYsAMYQxjHARiKBRiOBRivAcICCxAuGIAEGLEDGIMBwgIIEAAYgAQYsQPCAg4QABiABBixAxiDARiKBcICCxAAGIAEGLEDGIMBwgIUEC4YgAQYsQMY0QMYgwEYxwEYigXCAg4QLhiABBixAxjRAxjHAcICGhAuGIAEGLEDGIMBGJcFGNwEGN4EGOAE2AEBwgIKEAAYgAQYQxiKBcICDRAAGIAEGLEDGEMYigXCAhAQLhiABBixAxhDGIMBGIoFwgIFEAAYgATCAhMQLhiABBixAxjRAxhDGMcBGIoFwgIOEC4YgAQYxwEYjgUYrwHCAhYQLhiABBixAxhDGMcBGIoFGI4FGK8BwgILEAAYgAQYkgMYuATCAg4QLhiABBiSAxjHARivAcICExAAGIAEGLEDGEMYgwEYyQMYigXCAgsQLhiABBjHARivAcICEBAAGIAEGLEDGEMYgwEYigXCAiUQLhiABBixAxhDGMcBGIoFGI4FGK8BGJcFGNwEGN4EGOAE2AEBwgIIEAAYgAQYkgPCAg4QABiABBixAxiDARjJA8ICHRAuGIAEGMcBGI4FGK8BGJcFGNwEGN4EGOAE2AEBwgIGEAAYFhgewgIaEC4YgAQYxwEYrwEYlwUY3AQY3gQY4ATYAQGYAwCIBgGQBgm6BgYIARABGBSSBwQyLjE0oAe20AGyBwQwLjE0uAe3DsIHCDItMy4xMC4zyAfhAQ&amp;sclient=gws-wiz-serp#\" data-dtype=\"d3ph\" data-local-attribute=\"d3ph\" data-ved=\"2ahUKEwiy1evn6M2NAxW7_7sIHUfAB9wQkAgoAHoECE4QAw\"><span aria-label=\"Chiama il numero di telefono 0346 51605\">0346 51605\u00a0 \u00a0348 7587587<\/span><\/a><\/span><em><br \/>\nC<\/em><em>omune di Schilpario: <\/em><span style=\"color: #0000ff;\"><a style=\"color: #0000ff;\" href=\"https:\/\/www.google.com\/search?q=comune+di+schilpario&amp;rlz=1C1ONGR_itIT929IT929&amp;oq=comune+di+schilpario+&amp;gs_lcrp=EgZjaHJvbWUqBggAEEUYOzIGCAAQRRg7MgcIARAAGIAEMgcIAhAAGIAEMgcIAxAAGIAEMgYIBBBFGDwyBggFEEUYPDIGCAYQRRg8MgYIBxBFGEHSAQgzNDA5ajBqNKgCALACAQ&amp;sourceid=chrome&amp;ie=UTF-8#\" data-dtype=\"d3ph\" data-local-attribute=\"d3ph\" data-ved=\"2ahUKEwizpZfY6M2NAxXK0gIHHTe6LD4QkAgoAHoECCcQAg\"><span aria-label=\"Chiama il numero di telefono 0346 55056\">0346 55056<\/span><\/a><\/span><\/p>\n<p>Per informazioni sull&#8217;area sosta Camper di S.Elisabetta: QUI\u00a0<\/p>\n","protected":false},"excerpt":{"rendered":"<p>Consulta qui la delibera 48 del 23\/05\/2025 disposta dal Comune di Schilpario\u00a0 Dal 1 Giugno al 30 Settembre 2025, a [&hellip;]<\/p>\n","protected":false},"author":14,"featured_media":20963,"parent":0,"menu_order":11,"comment_status":"closed","ping_status":"closed","template":"page-landing.php","meta":{"_acf_changed":false,"inline_featured_image":false,"footnotes":""},"class_list":["post-27113","page","type-page","status-publish","has-post-thumbnail","hentry"],"acf":[],"yoast_head":"<!-- This site is optimized with the Yoast SEO plugin v27.3 - https:\/\/yoast.com\/product\/yoast-seo-wordpress\/ -->\n<title>Parcheggiare a Schilpario in estate - Val di Scalve<\/title>\n<meta name=\"description\" content=\"Dal 1 Giugno al 30 Settembre 2025, a Schilpario, i\u00a0 parcheggi nelle zone di Ronco, localit\u00e0 V\u00f2, Paghere (compreso piazzale di soste del Soccorso Alpino), e localit\u00e0 Laghetti, saranno soggetti a pagament0, dalle ore 8.00 alle ore 20.00.\u00a0\" \/>\n<meta name=\"robots\" content=\"index, follow, max-snippet:-1, max-image-preview:large, max-video-preview:-1\" \/>\n<link rel=\"canonical\" href=\"https:\/\/www.valdiscalve.it\/en\/parcheggiare-a-schilpario-in-estate\/\" \/>\n<meta property=\"og:locale\" content=\"en_US\" \/>\n<meta property=\"og:type\" content=\"article\" \/>\n<meta property=\"og:title\" content=\"Parcheggiare a Schilpario in estate - Val di Scalve\" \/>\n<meta property=\"og:description\" content=\"Dal 1 Giugno al 30 Settembre 2025, a Schilpario, i\u00a0 parcheggi nelle zone di Ronco, localit\u00e0 V\u00f2, Paghere (compreso piazzale di soste del Soccorso Alpino), e localit\u00e0 Laghetti, saranno soggetti a pagament0, dalle ore 8.00 alle ore 20.00.\u00a0\" \/>\n<meta property=\"og:url\" content=\"https:\/\/www.valdiscalve.it\/en\/parcheggiare-a-schilpario-in-estate\/\" \/>\n<meta property=\"og:site_name\" content=\"Val di Scalve\" \/>\n<meta property=\"article:publisher\" content=\"https:\/\/www.facebook.com\/ValdiScalveTurismo\" \/>\n<meta property=\"article:modified_time\" content=\"2026-01-26T13:23:44+00:00\" \/>\n<meta property=\"og:image\" content=\"https:\/\/www.valdiscalve.it\/wp-content\/uploads\/2025\/05\/Immagini-per-sito-web-24.png\" \/>\n\t<meta property=\"og:image:width\" content=\"640\" \/>\n\t<meta property=\"og:image:height\" content=\"360\" \/>\n\t<meta property=\"og:image:type\" content=\"image\/png\" \/>\n<meta name=\"twitter:card\" content=\"summary_large_image\" \/>\n<meta name=\"twitter:label1\" content=\"Est. reading time\" \/>\n\t<meta name=\"twitter:data1\" content=\"3 minutes\" \/>\n<script type=\"application\/ld+json\" class=\"yoast-schema-graph\">{\"@context\":\"https:\\\/\\\/schema.org\",\"@graph\":[{\"@type\":\"WebPage\",\"@id\":\"https:\\\/\\\/www.valdiscalve.it\\\/en\\\/parcheggiare-a-schilpario-in-estate\\\/\",\"url\":\"https:\\\/\\\/www.valdiscalve.it\\\/en\\\/parcheggiare-a-schilpario-in-estate\\\/\",\"name\":\"Parcheggiare a Schilpario in estate - Val di Scalve\",\"isPartOf\":{\"@id\":\"https:\\\/\\\/www.valdiscalve.it\\\/en\\\/#website\"},\"primaryImageOfPage\":{\"@id\":\"https:\\\/\\\/www.valdiscalve.it\\\/en\\\/parcheggiare-a-schilpario-in-estate\\\/#primaryimage\"},\"image\":{\"@id\":\"https:\\\/\\\/www.valdiscalve.it\\\/en\\\/parcheggiare-a-schilpario-in-estate\\\/#primaryimage\"},\"thumbnailUrl\":\"https:\\\/\\\/www.valdiscalve.it\\\/wp-content\\\/uploads\\\/2025\\\/05\\\/Immagini-per-sito-web-24.png\",\"datePublished\":\"2025-05-31T13:54:22+00:00\",\"dateModified\":\"2026-01-26T13:23:44+00:00\",\"description\":\"Dal 1 Giugno al 30 Settembre 2025, a Schilpario, i\u00a0 parcheggi nelle zone di Ronco, localit\u00e0 V\u00f2, Paghere (compreso piazzale di soste del Soccorso Alpino), e localit\u00e0 Laghetti, saranno soggetti a pagament0, dalle ore 8.00 alle ore 20.00.\u00a0\",\"inLanguage\":\"en-US\",\"potentialAction\":[{\"@type\":\"ReadAction\",\"target\":[\"https:\\\/\\\/www.valdiscalve.it\\\/en\\\/parcheggiare-a-schilpario-in-estate\\\/\"]}]},{\"@type\":\"ImageObject\",\"inLanguage\":\"en-US\",\"@id\":\"https:\\\/\\\/www.valdiscalve.it\\\/en\\\/parcheggiare-a-schilpario-in-estate\\\/#primaryimage\",\"url\":\"https:\\\/\\\/www.valdiscalve.it\\\/wp-content\\\/uploads\\\/2025\\\/05\\\/Immagini-per-sito-web-24.png\",\"contentUrl\":\"https:\\\/\\\/www.valdiscalve.it\\\/wp-content\\\/uploads\\\/2025\\\/05\\\/Immagini-per-sito-web-24.png\",\"width\":1920,\"height\":1080},{\"@type\":\"WebSite\",\"@id\":\"https:\\\/\\\/www.valdiscalve.it\\\/en\\\/#website\",\"url\":\"https:\\\/\\\/www.valdiscalve.it\\\/en\\\/\",\"name\":\"Val di Scalve\",\"description\":\"The tourist portal of Val di Scalve\",\"potentialAction\":[{\"@type\":\"SearchAction\",\"target\":{\"@type\":\"EntryPoint\",\"urlTemplate\":\"https:\\\/\\\/www.valdiscalve.it\\\/en\\\/?s={search_term_string}\"},\"query-input\":{\"@type\":\"PropertyValueSpecification\",\"valueRequired\":true,\"valueName\":\"search_term_string\"}}],\"inLanguage\":\"en-US\"}]}<\/script>\n<!-- \/ Yoast SEO plugin. -->","yoast_head_json":{"title":"Parcheggiare a Schilpario in estate - Val di Scalve","description":"Dal 1 Giugno al 30 Settembre 2025, a Schilpario, i\u00a0 parcheggi nelle zone di Ronco, localit\u00e0 V\u00f2, Paghere (compreso piazzale di soste del Soccorso Alpino), e localit\u00e0 Laghetti, saranno soggetti a pagament0, dalle ore 8.00 alle ore 20.00.\u00a0","robots":{"index":"index","follow":"follow","max-snippet":"max-snippet:-1","max-image-preview":"max-image-preview:large","max-video-preview":"max-video-preview:-1"},"canonical":"https:\/\/www.valdiscalve.it\/en\/parcheggiare-a-schilpario-in-estate\/","og_locale":"en_US","og_type":"article","og_title":"Parcheggiare a Schilpario in estate - Val di Scalve","og_description":"Dal 1 Giugno al 30 Settembre 2025, a Schilpario, i\u00a0 parcheggi nelle zone di Ronco, localit\u00e0 V\u00f2, Paghere (compreso piazzale di soste del Soccorso Alpino), e localit\u00e0 Laghetti, saranno soggetti a pagament0, dalle ore 8.00 alle ore 20.00.\u00a0","og_url":"https:\/\/www.valdiscalve.it\/en\/parcheggiare-a-schilpario-in-estate\/","og_site_name":"Val di Scalve","article_publisher":"https:\/\/www.facebook.com\/ValdiScalveTurismo","article_modified_time":"2026-01-26T13:23:44+00:00","og_image":[{"url":"https:\/\/www.valdiscalve.it\/wp-content\/uploads\/2025\/05\/Immagini-per-sito-web-24.png","width":640,"height":360,"type":"image\/png"}],"twitter_card":"summary_large_image","twitter_misc":{"Est. reading time":"3 minutes"},"schema":{"@context":"https:\/\/schema.org","@graph":[{"@type":"WebPage","@id":"https:\/\/www.valdiscalve.it\/en\/parcheggiare-a-schilpario-in-estate\/","url":"https:\/\/www.valdiscalve.it\/en\/parcheggiare-a-schilpario-in-estate\/","name":"Parcheggiare a Schilpario in estate - Val di Scalve","isPartOf":{"@id":"https:\/\/www.valdiscalve.it\/en\/#website"},"primaryImageOfPage":{"@id":"https:\/\/www.valdiscalve.it\/en\/parcheggiare-a-schilpario-in-estate\/#primaryimage"},"image":{"@id":"https:\/\/www.valdiscalve.it\/en\/parcheggiare-a-schilpario-in-estate\/#primaryimage"},"thumbnailUrl":"https:\/\/www.valdiscalve.it\/wp-content\/uploads\/2025\/05\/Immagini-per-sito-web-24.png","datePublished":"2025-05-31T13:54:22+00:00","dateModified":"2026-01-26T13:23:44+00:00","description":"Dal 1 Giugno al 30 Settembre 2025, a Schilpario, i\u00a0 parcheggi nelle zone di Ronco, localit\u00e0 V\u00f2, Paghere (compreso piazzale di soste del Soccorso Alpino), e localit\u00e0 Laghetti, saranno soggetti a pagament0, dalle ore 8.00 alle ore 20.00.\u00a0","inLanguage":"en-US","potentialAction":[{"@type":"ReadAction","target":["https:\/\/www.valdiscalve.it\/en\/parcheggiare-a-schilpario-in-estate\/"]}]},{"@type":"ImageObject","inLanguage":"en-US","@id":"https:\/\/www.valdiscalve.it\/en\/parcheggiare-a-schilpario-in-estate\/#primaryimage","url":"https:\/\/www.valdiscalve.it\/wp-content\/uploads\/2025\/05\/Immagini-per-sito-web-24.png","contentUrl":"https:\/\/www.valdiscalve.it\/wp-content\/uploads\/2025\/05\/Immagini-per-sito-web-24.png","width":1920,"height":1080},{"@type":"WebSite","@id":"https:\/\/www.valdiscalve.it\/en\/#website","url":"https:\/\/www.valdiscalve.it\/en\/","name":"Val di Scalve","description":"The tourist portal of Val di Scalve","potentialAction":[{"@type":"SearchAction","target":{"@type":"EntryPoint","urlTemplate":"https:\/\/www.valdiscalve.it\/en\/?s={search_term_string}"},"query-input":{"@type":"PropertyValueSpecification","valueRequired":true,"valueName":"search_term_string"}}],"inLanguage":"en-US"}]}},"_links":{"self":[{"href":"https:\/\/www.valdiscalve.it\/en\/wp-json\/wp\/v2\/pages\/27113","targetHints":{"allow":["GET"]}}],"collection":[{"href":"https:\/\/www.valdiscalve.it\/en\/wp-json\/wp\/v2\/pages"}],"about":[{"href":"https:\/\/www.valdiscalve.it\/en\/wp-json\/wp\/v2\/types\/page"}],"author":[{"embeddable":true,"href":"https:\/\/www.valdiscalve.it\/en\/wp-json\/wp\/v2\/users\/14"}],"replies":[{"embeddable":true,"href":"https:\/\/www.valdiscalve.it\/en\/wp-json\/wp\/v2\/comments?post=27113"}],"version-history":[{"count":1,"href":"https:\/\/www.valdiscalve.it\/en\/wp-json\/wp\/v2\/pages\/27113\/revisions"}],"predecessor-version":[{"id":27114,"href":"https:\/\/www.valdiscalve.it\/en\/wp-json\/wp\/v2\/pages\/27113\/revisions\/27114"}],"wp:featuredmedia":[{"embeddable":true,"href":"https:\/\/www.valdiscalve.it\/en\/wp-json\/wp\/v2\/media\/20963"}],"wp:attachment":[{"href":"https:\/\/www.valdiscalve.it\/en\/wp-json\/wp\/v2\/media?parent=27113"}],"curies":[{"name":"wp","href":"https:\/\/api.w.org\/{rel}","templated":true}]}}