{"id":27087,"date":"2021-05-25T20:41:21","date_gmt":"2021-05-25T18:41:21","guid":{"rendered":"https:\/\/www.valdiscalve.it\/pass-parcheggio-a-vilminore-di-scalve\/"},"modified":"2026-01-26T12:38:13","modified_gmt":"2026-01-26T11:38:13","slug":"pass-parcheggio-a-vilminore-di-scalve","status":"publish","type":"page","link":"https:\/\/www.valdiscalve.it\/en\/pass-parcheggio-a-vilminore-di-scalve\/","title":{"rendered":"Pass Parcheggio a Vilminore di Scalve"},"content":{"rendered":"<h2 style=\"text-align: center;\"><span style=\"color: #339966;\">AGGIORNAMENTI ESTATE 2025<\/span><\/h2>\n<p style=\"text-align: center;\"><a href=\"https:\/\/www.valdiscalve.it\/wp-content\/uploads\/2024\/05\/ordinanza_n_19.pdf\"><strong>(ORDINANZA DEI VIGILI)<\/strong><\/a><\/p>\n<p>A partire dal 1\u00b0\u00a0 giugno fino al 30 settembre , in tutte le aree di propriet\u00e0 del Comune di Vilminore di Scalve site in:<\/p>\n<p>\u2022 Vilminore (capoluogo)<br \/>\n\u2022 localit\u00e0 San Carlo<br \/>\n\u2022 Bueggio<br \/>\n\u2022 Nona<br \/>\n\u2022 Vilmaggiore \u2013 Via Don Filippo Colosio, Via Donizetti, Via Provinciale (presso la Latteria e la Chiesa)<br \/>\n\u2022 Pianezza \u2013 Piazza Andrea Bonicelli<br \/>\n\u2022 Localit\u00e0 Meto\u00a0<\/p>\n<p>adibite a parcheggio o comunque nella disponibilit\u00e0 del Comune a tale scopo \u2013 aree identificate a tale scopo da apposita segnaletica \u2013 sar\u00e0 istituita la sosta a pagamento con il sistema &#8220;Gratta &amp; Sosta&#8221;, dalle 5.00 fino alle 15.30 di ogni giorno.<br \/>\nPer le prime due ore e mezza di parcheggio \u2013 previa esposizione del disco orario \u2013 la sosta \u00e8 gratuita per tutti.<\/p>\n<p>Inoltre, nelle sole aree gi\u00e0 attualmente regolate da disco orario (Piazza Papa Giovanni XXIII, Piazza Vittorio Veneto e Via Polini presso l\u2019ingresso Distretto Socio-Sanitario) sar\u00e0 mantenuta la disciplina esistente.<\/p>\n<p>&nbsp;<\/p>\n<hr \/>\n<p>Infine, <strong>per le categorie elencate qui sotto la sosta sar\u00e0 sempre gratuita previa la richiesta del pass<\/strong> &#8211; rilasciato in forma di QR code &#8211; da stampare ed esporre durante la sosta.<br \/>\n<em>NB<\/em> I pass rilasciati negli anni precedenti sono validi anche quest&#8217;anno, a meno che la targa sia cambiata o fosse un pass a scadenza (in generale, per i lavoratori con contratti a tempo determinato).<\/p>\n<p>&nbsp;<\/p>\n<ul>\n<li style=\"list-style-type: none;\">\n<ul>\n<li style=\"list-style-type: none;\">\n<ul>\n<li><strong>RESIDENTI<\/strong> &#8211; ogni residente del Comune di Vilminore di Scalve ha diritto ad un pass gratuito per ogni mezzo di sua propriet\u00e0.<br \/>\nScarica il modulo <a href=\"https:\/\/www.valdiscalve.it\/wp-content\/uploads\/2024\/05\/Modulo-residenti.docx\" target=\"_blank\" rel=\"noopener\">QUI\u00a0<\/a><\/li>\n<\/ul>\n<\/li>\n<\/ul>\n<ul>\n<li style=\"list-style-type: none;\">\n<ul>\n<li><strong> PROPRIETARI DI SECONDE CASE<\/strong> &#8211; ogni <strong>proprietario<\/strong> di seconda casa ha diritto a due pass gratuiti per ogni unit\u00e0 abitativa di cui risulta proprietario esclusivo, sui quali inserire al massimo due targhe. I <strong>comproprietari<\/strong> di seconde case hanno diritto ad un pass gratuito ciascuno, nel quale possono essere inserite al massimo due targhe. I <strong>proprietari di seconda casa a uso affitto<\/strong> hanno diritto a due pass gratuiti senza targa per ogni unit\u00e0 abitativa (il tutto solo se non ritirano o restituiscono i pass ottenuti come proprietari di seconda casa). Scarica il modulo <a href=\"https:\/\/www.valdiscalve.it\/wp-content\/uploads\/2024\/05\/Modulo-proprietari-seconde-case.docx\" target=\"_blank\" rel=\"noopener\">QUI\u00a0<\/a><\/li>\n<\/ul>\n<\/li>\n<\/ul>\n<ul>\n<li style=\"list-style-type: none;\">\n<ul>\n<li><strong>DIPENDENTI<\/strong> di strutture e\/o servizi del Comune di Vilminore di Scalve: chi <strong>lavora<\/strong> sul territorio di Vilminore di Scalve per attivit\u00e0 o Enti che non hanno parcheggi privati, e non \u00e8 un residente o proprietario\/affittuario di un\u2019unit\u00e0 immobiliare, ha diritto al pass gratuito per l\u2019auto personale. Le ditte ed imprese che hanno a disposizione parcheggi privati sul territorio di Vilminore di Scalve, hanno diritto ai pass gratuiti solo per i mezzi aziendali.<br \/>\nInoltre, il <strong>conducente dei mezzi di lavoro<\/strong> (in qualit\u00e0 di residente del comune di Vilminore di Scalve) ha diritto al pass gratuito previa richiesta via mail alla quale andr\u00e0 allegata, oltre ai documenti sopraddetti, l\u2019autorizzazione da parte del datore di lavoro per l\u2019impiego del veicolo. Scarica il modulo <a href=\"https:\/\/www.valdiscalve.it\/wp-content\/uploads\/2024\/05\/Modulo-dipendenti-titolari-mezzi-aziendali.docx\" target=\"_blank\" rel=\"noopener\">QUI<\/a><\/li>\n<li><strong>ALBERGHI, OSTELLI, B&amp;B, RIFUGI<\/strong> siti nel Comune di Vilminore di Scalve &#8211; gli utenti dovranno usufruire di ticket \u201cGratta&amp;Sosta\u201d per il loro soggiorno su parcheggio comunale. Ogni struttura ricettiva con pernottamento avr\u00e0 a disposizione due pass gratuiti senza targa da poter utilizzare come riterr\u00e0 opportuno.Scarica il modulo <a href=\"https:\/\/www.valdiscalve.it\/wp-content\/uploads\/2024\/05\/attivita-ricettive.docx\" target=\"_blank\" rel=\"noopener\">QUI\u00a0<\/a><\/li>\n<\/ul>\n<\/li>\n<\/ul>\n<\/li>\n<\/ul>\n<p>&nbsp;<\/p>\n<hr \/>\n<p>Per la richiesta del pass \u00e8 necessario compilare i moduli indicati per ogni categoria (includendo gli allegati indicati) e restituirli all&#8217;Infopoint Val di Scalve (Ufficio per il Turismo ARS) <strong>preferibilmente<\/strong> via email a info@valdiscalve.it o via Whatsapp al 348 758 7587.<\/p>\n<p>Per ulteriori informazioni \u00e8 possibile contattare l&#8217;Infopoint via email o per via telefonica dallo 0346.51605.<br \/>\nL&#8217;ufficio (in Piazza Giustizia 4, sotto i portici del Palazzo Pretorio) \u00e8 aperto dal gioved\u00ec al venerd\u00ec (9-12 e 13.30-17) e sabato (9-13)\u00a0<\/p>\n","protected":false},"excerpt":{"rendered":"<p>AGGIORNAMENTI ESTATE 2025 (ORDINANZA DEI VIGILI) A partire dal 1\u00b0\u00a0 giugno fino al 30 settembre , in tutte le aree [&hellip;]<\/p>\n","protected":false},"author":11,"featured_media":12537,"parent":0,"menu_order":7,"comment_status":"closed","ping_status":"closed","template":"page-landing.php","meta":{"_acf_changed":false,"inline_featured_image":false,"footnotes":""},"class_list":["post-27087","page","type-page","status-publish","has-post-thumbnail","hentry"],"acf":[],"yoast_head":"<!-- This site is optimized with the Yoast SEO plugin v27.5 - https:\/\/yoast.com\/product\/yoast-seo-wordpress\/ -->\n<title>Pass Parcheggio a Vilminore di Scalve - Val di Scalve<\/title>\n<meta name=\"robots\" content=\"index, follow, max-snippet:-1, max-image-preview:large, max-video-preview:-1\" \/>\n<link rel=\"canonical\" href=\"https:\/\/www.valdiscalve.it\/en\/pass-parcheggio-a-vilminore-di-scalve\/\" \/>\n<meta property=\"og:locale\" content=\"en_US\" \/>\n<meta property=\"og:type\" content=\"article\" \/>\n<meta property=\"og:title\" content=\"Pass Parcheggio a Vilminore di Scalve - Val di Scalve\" \/>\n<meta property=\"og:description\" content=\"AGGIORNAMENTI ESTATE 2025 (ORDINANZA DEI VIGILI) A partire dal 1\u00b0\u00a0 giugno fino al 30 settembre , in tutte le aree [&hellip;]\" \/>\n<meta property=\"og:url\" content=\"https:\/\/www.valdiscalve.it\/en\/pass-parcheggio-a-vilminore-di-scalve\/\" \/>\n<meta property=\"og:site_name\" content=\"Val di Scalve\" \/>\n<meta property=\"article:publisher\" content=\"https:\/\/www.facebook.com\/ValdiScalveTurismo\" \/>\n<meta property=\"article:modified_time\" content=\"2026-01-26T11:38:13+00:00\" \/>\n<meta property=\"og:image\" content=\"https:\/\/www.valdiscalve.it\/wp-content\/uploads\/2021\/05\/waldemar-brandt-a520NntVaUQ-unsplash-scaled.jpg\" \/>\n\t<meta property=\"og:image:width\" content=\"2560\" \/>\n\t<meta property=\"og:image:height\" content=\"1777\" \/>\n\t<meta property=\"og:image:type\" content=\"image\/jpeg\" \/>\n<meta name=\"twitter:card\" content=\"summary_large_image\" \/>\n<meta name=\"twitter:label1\" content=\"Est. reading time\" \/>\n\t<meta name=\"twitter:data1\" content=\"4 minutes\" \/>\n<script type=\"application\/ld+json\" class=\"yoast-schema-graph\">{\"@context\":\"https:\\\/\\\/schema.org\",\"@graph\":[{\"@type\":\"WebPage\",\"@id\":\"https:\\\/\\\/www.valdiscalve.it\\\/en\\\/pass-parcheggio-a-vilminore-di-scalve\\\/\",\"url\":\"https:\\\/\\\/www.valdiscalve.it\\\/en\\\/pass-parcheggio-a-vilminore-di-scalve\\\/\",\"name\":\"Pass Parcheggio a Vilminore di Scalve - Val di Scalve\",\"isPartOf\":{\"@id\":\"https:\\\/\\\/www.valdiscalve.it\\\/en\\\/#website\"},\"primaryImageOfPage\":{\"@id\":\"https:\\\/\\\/www.valdiscalve.it\\\/en\\\/pass-parcheggio-a-vilminore-di-scalve\\\/#primaryimage\"},\"image\":{\"@id\":\"https:\\\/\\\/www.valdiscalve.it\\\/en\\\/pass-parcheggio-a-vilminore-di-scalve\\\/#primaryimage\"},\"thumbnailUrl\":\"https:\\\/\\\/www.valdiscalve.it\\\/wp-content\\\/uploads\\\/2021\\\/05\\\/waldemar-brandt-a520NntVaUQ-unsplash-scaled.jpg\",\"datePublished\":\"2021-05-25T18:41:21+00:00\",\"dateModified\":\"2026-01-26T11:38:13+00:00\",\"inLanguage\":\"en-US\",\"potentialAction\":[{\"@type\":\"ReadAction\",\"target\":[\"https:\\\/\\\/www.valdiscalve.it\\\/en\\\/pass-parcheggio-a-vilminore-di-scalve\\\/\"]}]},{\"@type\":\"ImageObject\",\"inLanguage\":\"en-US\",\"@id\":\"https:\\\/\\\/www.valdiscalve.it\\\/en\\\/pass-parcheggio-a-vilminore-di-scalve\\\/#primaryimage\",\"url\":\"https:\\\/\\\/www.valdiscalve.it\\\/wp-content\\\/uploads\\\/2021\\\/05\\\/waldemar-brandt-a520NntVaUQ-unsplash-scaled.jpg\",\"contentUrl\":\"https:\\\/\\\/www.valdiscalve.it\\\/wp-content\\\/uploads\\\/2021\\\/05\\\/waldemar-brandt-a520NntVaUQ-unsplash-scaled.jpg\",\"width\":2560,\"height\":1777},{\"@type\":\"WebSite\",\"@id\":\"https:\\\/\\\/www.valdiscalve.it\\\/en\\\/#website\",\"url\":\"https:\\\/\\\/www.valdiscalve.it\\\/en\\\/\",\"name\":\"Val di Scalve\",\"description\":\"The tourist portal of Val di Scalve\",\"potentialAction\":[{\"@type\":\"SearchAction\",\"target\":{\"@type\":\"EntryPoint\",\"urlTemplate\":\"https:\\\/\\\/www.valdiscalve.it\\\/en\\\/?s={search_term_string}\"},\"query-input\":{\"@type\":\"PropertyValueSpecification\",\"valueRequired\":true,\"valueName\":\"search_term_string\"}}],\"inLanguage\":\"en-US\"}]}<\/script>\n<!-- \/ Yoast SEO plugin. -->","yoast_head_json":{"title":"Pass Parcheggio a Vilminore di Scalve - Val di Scalve","robots":{"index":"index","follow":"follow","max-snippet":"max-snippet:-1","max-image-preview":"max-image-preview:large","max-video-preview":"max-video-preview:-1"},"canonical":"https:\/\/www.valdiscalve.it\/en\/pass-parcheggio-a-vilminore-di-scalve\/","og_locale":"en_US","og_type":"article","og_title":"Pass Parcheggio a Vilminore di Scalve - Val di Scalve","og_description":"AGGIORNAMENTI ESTATE 2025 (ORDINANZA DEI VIGILI) A partire dal 1\u00b0\u00a0 giugno fino al 30 settembre , in tutte le aree [&hellip;]","og_url":"https:\/\/www.valdiscalve.it\/en\/pass-parcheggio-a-vilminore-di-scalve\/","og_site_name":"Val di Scalve","article_publisher":"https:\/\/www.facebook.com\/ValdiScalveTurismo","article_modified_time":"2026-01-26T11:38:13+00:00","og_image":[{"width":2560,"height":1777,"url":"https:\/\/www.valdiscalve.it\/wp-content\/uploads\/2021\/05\/waldemar-brandt-a520NntVaUQ-unsplash-scaled.jpg","type":"image\/jpeg"}],"twitter_card":"summary_large_image","twitter_misc":{"Est. reading time":"4 minutes"},"schema":{"@context":"https:\/\/schema.org","@graph":[{"@type":"WebPage","@id":"https:\/\/www.valdiscalve.it\/en\/pass-parcheggio-a-vilminore-di-scalve\/","url":"https:\/\/www.valdiscalve.it\/en\/pass-parcheggio-a-vilminore-di-scalve\/","name":"Pass Parcheggio a Vilminore di Scalve - Val di Scalve","isPartOf":{"@id":"https:\/\/www.valdiscalve.it\/en\/#website"},"primaryImageOfPage":{"@id":"https:\/\/www.valdiscalve.it\/en\/pass-parcheggio-a-vilminore-di-scalve\/#primaryimage"},"image":{"@id":"https:\/\/www.valdiscalve.it\/en\/pass-parcheggio-a-vilminore-di-scalve\/#primaryimage"},"thumbnailUrl":"https:\/\/www.valdiscalve.it\/wp-content\/uploads\/2021\/05\/waldemar-brandt-a520NntVaUQ-unsplash-scaled.jpg","datePublished":"2021-05-25T18:41:21+00:00","dateModified":"2026-01-26T11:38:13+00:00","inLanguage":"en-US","potentialAction":[{"@type":"ReadAction","target":["https:\/\/www.valdiscalve.it\/en\/pass-parcheggio-a-vilminore-di-scalve\/"]}]},{"@type":"ImageObject","inLanguage":"en-US","@id":"https:\/\/www.valdiscalve.it\/en\/pass-parcheggio-a-vilminore-di-scalve\/#primaryimage","url":"https:\/\/www.valdiscalve.it\/wp-content\/uploads\/2021\/05\/waldemar-brandt-a520NntVaUQ-unsplash-scaled.jpg","contentUrl":"https:\/\/www.valdiscalve.it\/wp-content\/uploads\/2021\/05\/waldemar-brandt-a520NntVaUQ-unsplash-scaled.jpg","width":2560,"height":1777},{"@type":"WebSite","@id":"https:\/\/www.valdiscalve.it\/en\/#website","url":"https:\/\/www.valdiscalve.it\/en\/","name":"Val di Scalve","description":"The tourist portal of Val di Scalve","potentialAction":[{"@type":"SearchAction","target":{"@type":"EntryPoint","urlTemplate":"https:\/\/www.valdiscalve.it\/en\/?s={search_term_string}"},"query-input":{"@type":"PropertyValueSpecification","valueRequired":true,"valueName":"search_term_string"}}],"inLanguage":"en-US"}]}},"_links":{"self":[{"href":"https:\/\/www.valdiscalve.it\/en\/wp-json\/wp\/v2\/pages\/27087","targetHints":{"allow":["GET"]}}],"collection":[{"href":"https:\/\/www.valdiscalve.it\/en\/wp-json\/wp\/v2\/pages"}],"about":[{"href":"https:\/\/www.valdiscalve.it\/en\/wp-json\/wp\/v2\/types\/page"}],"author":[{"embeddable":true,"href":"https:\/\/www.valdiscalve.it\/en\/wp-json\/wp\/v2\/users\/11"}],"replies":[{"embeddable":true,"href":"https:\/\/www.valdiscalve.it\/en\/wp-json\/wp\/v2\/comments?post=27087"}],"version-history":[{"count":1,"href":"https:\/\/www.valdiscalve.it\/en\/wp-json\/wp\/v2\/pages\/27087\/revisions"}],"predecessor-version":[{"id":27089,"href":"https:\/\/www.valdiscalve.it\/en\/wp-json\/wp\/v2\/pages\/27087\/revisions\/27089"}],"wp:featuredmedia":[{"embeddable":true,"href":"https:\/\/www.valdiscalve.it\/en\/wp-json\/wp\/v2\/media\/12537"}],"wp:attachment":[{"href":"https:\/\/www.valdiscalve.it\/en\/wp-json\/wp\/v2\/media?parent=27087"}],"curies":[{"name":"wp","href":"https:\/\/api.w.org\/{rel}","templated":true}]}}